{"id":18032,"date":"2024-12-09T14:18:34","date_gmt":"2024-12-09T14:18:34","guid":{"rendered":"https:\/\/ophtanews.com\/produit\/registration-for-orthoptists-opticians-optometrists-secretaries\/"},"modified":"2026-02-10T10:33:29","modified_gmt":"2026-02-10T10:33:29","slug":"registration-for-orthoptists-opticians-optometrists-secretaries","status":"publish","type":"product","link":"https:\/\/ophtanews.com\/en\/produit\/registration-for-orthoptists-opticians-optometrists-secretaries\/","title":{"rendered":"Registration for Orthoptists, Opticians \/ Optometrists, Secretaries"},"content":{"rendered":"","protected":false},"excerpt":{"rendered":"<div><b>This rate includes : <\/b><\/div>\n<div>\u2022 Admission to all conference sessions<\/div>\n<div>\u2022 coffee breaks<\/div>\n<div>\u2022 Lunches<\/div>\n<div>\u2022 Entry to the exhibition area.<\/div>\n","protected":false},"featured_media":18975,"comment_status":"open","ping_status":"closed","template":"","meta":[],"product_brand":[],"product_cat":[38],"product_tag":[],"class_list":{"0":"post-18032","1":"product","2":"type-product","3":"status-publish","4":"has-post-thumbnail","6":"product_cat-ophtanews-congress","8":"first","9":"instock","10":"shipping-taxable","11":"purchasable","12":"product-type-simple"},"exclude_global_add_ons":false,"addons":[{"name":"Option Soir\u00e9e","type":"checkbox","position":0,"required":false,"title_format":"label","default":"","description_enable":false,"description":"","placeholder_enable":false,"placeholder":"","display":"select","restrictions_type":"any_text","adjust_price":false,"price":"","price_type":"flat_fee","restrictions":false,"min":"0","max":"0","options":[{"label":"Inscription \u00e0 la Soir\u00e9e du congr\u00e8s du 20 Juin 2025","price":"180","price_type":"flat_fee","image":0,"visibility":true}],"id":1742474008}],"yoast_head":"<!-- This site is optimized with the Yoast SEO plugin v27.4 - https:\/\/yoast.com\/product\/yoast-seo-wordpress\/ -->\n<title>Registration for Orthoptists, Opticians \/ Optometrists, Secretaries - Ophta\u2019News 2026 \u2013 30\u00e8me \u00e9dition du Congr\u00e8s d\u2019Ophtalmologie | Nice 26-27 juin 2026<\/title>\n<meta name=\"robots\" content=\"index, follow, max-snippet:-1, max-image-preview:large, max-video-preview:-1\" \/>\n<link rel=\"canonical\" href=\"https:\/\/ophtanews.com\/en\/produit\/registration-for-orthoptists-opticians-optometrists-secretaries\/\" \/>\n<meta property=\"og:locale\" content=\"en_US\" \/>\n<meta property=\"og:type\" content=\"article\" \/>\n<meta property=\"og:title\" content=\"Registration for Orthoptists, Opticians \/ Optometrists, Secretaries - Ophta\u2019News 2026 \u2013 30\u00e8me \u00e9dition du Congr\u00e8s d\u2019Ophtalmologie | Nice 26-27 juin 2026\" \/>\n<meta property=\"og:description\" content=\"This rate includes :  \u2022 Admission to all conference sessions \u2022 coffee breaks \u2022 Lunches \u2022 Entry to the exhibition area.\" \/>\n<meta property=\"og:url\" content=\"https:\/\/ophtanews.com\/en\/produit\/registration-for-orthoptists-opticians-optometrists-secretaries\/\" \/>\n<meta property=\"og:site_name\" content=\"Ophta\u2019News 2026 \u2013 30\u00e8me \u00e9dition du Congr\u00e8s d\u2019Ophtalmologie | Nice 26-27 juin 2026\" \/>\n<meta property=\"article:modified_time\" content=\"2026-02-10T10:33:29+00:00\" \/>\n<meta property=\"og:image\" content=\"https:\/\/ophtanews.com\/wp-content\/uploads\/2024\/12\/orthoptists.jpg\" \/>\n\t<meta property=\"og:image:width\" content=\"2048\" \/>\n\t<meta property=\"og:image:height\" content=\"2048\" \/>\n\t<meta property=\"og:image:type\" content=\"image\/jpeg\" \/>\n<meta name=\"twitter:card\" content=\"summary_large_image\" \/>\n<meta name=\"twitter:label1\" content=\"Est. reading time\" \/>\n\t<meta name=\"twitter:data1\" content=\"1 minute\" \/>\n<script type=\"application\/ld+json\" class=\"yoast-schema-graph\">{\"@context\":\"https:\\\/\\\/schema.org\",\"@graph\":[{\"@type\":\"WebPage\",\"@id\":\"https:\\\/\\\/ophtanews.com\\\/en\\\/produit\\\/registration-for-orthoptists-opticians-optometrists-secretaries\\\/\",\"url\":\"https:\\\/\\\/ophtanews.com\\\/en\\\/produit\\\/registration-for-orthoptists-opticians-optometrists-secretaries\\\/\",\"name\":\"Registration for Orthoptists, Opticians \\\/ Optometrists, Secretaries - Ophta\u2019News 2026 \u2013 30\u00e8me \u00e9dition du Congr\u00e8s d\u2019Ophtalmologie | Nice 26-27 juin 2026\",\"isPartOf\":{\"@id\":\"https:\\\/\\\/ophtanews.com\\\/en\\\/#website\"},\"primaryImageOfPage\":{\"@id\":\"https:\\\/\\\/ophtanews.com\\\/en\\\/produit\\\/registration-for-orthoptists-opticians-optometrists-secretaries\\\/#primaryimage\"},\"image\":{\"@id\":\"https:\\\/\\\/ophtanews.com\\\/en\\\/produit\\\/registration-for-orthoptists-opticians-optometrists-secretaries\\\/#primaryimage\"},\"thumbnailUrl\":\"https:\\\/\\\/ophtanews.com\\\/wp-content\\\/uploads\\\/2024\\\/12\\\/orthoptists.jpg\",\"datePublished\":\"2024-12-09T14:18:34+00:00\",\"dateModified\":\"2026-02-10T10:33:29+00:00\",\"breadcrumb\":{\"@id\":\"https:\\\/\\\/ophtanews.com\\\/en\\\/produit\\\/registration-for-orthoptists-opticians-optometrists-secretaries\\\/#breadcrumb\"},\"inLanguage\":\"en-US\",\"potentialAction\":[{\"@type\":\"ReadAction\",\"target\":[\"https:\\\/\\\/ophtanews.com\\\/en\\\/produit\\\/registration-for-orthoptists-opticians-optometrists-secretaries\\\/\"]}]},{\"@type\":\"ImageObject\",\"inLanguage\":\"en-US\",\"@id\":\"https:\\\/\\\/ophtanews.com\\\/en\\\/produit\\\/registration-for-orthoptists-opticians-optometrists-secretaries\\\/#primaryimage\",\"url\":\"https:\\\/\\\/ophtanews.com\\\/wp-content\\\/uploads\\\/2024\\\/12\\\/orthoptists.jpg\",\"contentUrl\":\"https:\\\/\\\/ophtanews.com\\\/wp-content\\\/uploads\\\/2024\\\/12\\\/orthoptists.jpg\",\"width\":2048,\"height\":2048},{\"@type\":\"BreadcrumbList\",\"@id\":\"https:\\\/\\\/ophtanews.com\\\/en\\\/produit\\\/registration-for-orthoptists-opticians-optometrists-secretaries\\\/#breadcrumb\",\"itemListElement\":[{\"@type\":\"ListItem\",\"position\":1,\"name\":\"Accueil\",\"item\":\"https:\\\/\\\/ophtanews.com\\\/en\\\/\"},{\"@type\":\"ListItem\",\"position\":2,\"name\":\"Products\",\"item\":\"https:\\\/\\\/ophtanews.com\\\/en\\\/shop\\\/\"},{\"@type\":\"ListItem\",\"position\":3,\"name\":\"Registration for Orthoptists, Opticians \\\/ Optometrists, Secretaries\"}]},{\"@type\":\"WebSite\",\"@id\":\"https:\\\/\\\/ophtanews.com\\\/en\\\/#website\",\"url\":\"https:\\\/\\\/ophtanews.com\\\/en\\\/\",\"name\":\"Ophta\u2019News 2026 \u2013 30\u00e8me \u00e9dition du Congr\u00e8s d\u2019Ophtalmologie | Nice 26-27 juin 2026\",\"description\":\"Ophta&#039;News - Refractiv&#039;News - Retina&#039;News - Esthetic&#039;News - Palpebral&#039;News - Presbymania\",\"potentialAction\":[{\"@type\":\"SearchAction\",\"target\":{\"@type\":\"EntryPoint\",\"urlTemplate\":\"https:\\\/\\\/ophtanews.com\\\/en\\\/?s={search_term_string}\"},\"query-input\":{\"@type\":\"PropertyValueSpecification\",\"valueRequired\":true,\"valueName\":\"search_term_string\"}}],\"inLanguage\":\"en-US\"}]}<\/script>\n<!-- \/ Yoast SEO plugin. -->","yoast_head_json":{"title":"Registration for Orthoptists, Opticians \/ Optometrists, Secretaries - Ophta\u2019News 2026 \u2013 30\u00e8me \u00e9dition du Congr\u00e8s d\u2019Ophtalmologie | Nice 26-27 juin 2026","robots":{"index":"index","follow":"follow","max-snippet":"max-snippet:-1","max-image-preview":"max-image-preview:large","max-video-preview":"max-video-preview:-1"},"canonical":"https:\/\/ophtanews.com\/en\/produit\/registration-for-orthoptists-opticians-optometrists-secretaries\/","og_locale":"en_US","og_type":"article","og_title":"Registration for Orthoptists, Opticians \/ Optometrists, Secretaries - Ophta\u2019News 2026 \u2013 30\u00e8me \u00e9dition du Congr\u00e8s d\u2019Ophtalmologie | Nice 26-27 juin 2026","og_description":"This rate includes :  \u2022 Admission to all conference sessions \u2022 coffee breaks \u2022 Lunches \u2022 Entry to the exhibition area.","og_url":"https:\/\/ophtanews.com\/en\/produit\/registration-for-orthoptists-opticians-optometrists-secretaries\/","og_site_name":"Ophta\u2019News 2026 \u2013 30\u00e8me \u00e9dition du Congr\u00e8s d\u2019Ophtalmologie | Nice 26-27 juin 2026","article_modified_time":"2026-02-10T10:33:29+00:00","og_image":[{"width":2048,"height":2048,"url":"https:\/\/ophtanews.com\/wp-content\/uploads\/2024\/12\/orthoptists.jpg","type":"image\/jpeg"}],"twitter_card":"summary_large_image","twitter_misc":{"Est. reading time":"1 minute"},"schema":{"@context":"https:\/\/schema.org","@graph":[{"@type":"WebPage","@id":"https:\/\/ophtanews.com\/en\/produit\/registration-for-orthoptists-opticians-optometrists-secretaries\/","url":"https:\/\/ophtanews.com\/en\/produit\/registration-for-orthoptists-opticians-optometrists-secretaries\/","name":"Registration for Orthoptists, Opticians \/ Optometrists, Secretaries - Ophta\u2019News 2026 \u2013 30\u00e8me \u00e9dition du Congr\u00e8s d\u2019Ophtalmologie | Nice 26-27 juin 2026","isPartOf":{"@id":"https:\/\/ophtanews.com\/en\/#website"},"primaryImageOfPage":{"@id":"https:\/\/ophtanews.com\/en\/produit\/registration-for-orthoptists-opticians-optometrists-secretaries\/#primaryimage"},"image":{"@id":"https:\/\/ophtanews.com\/en\/produit\/registration-for-orthoptists-opticians-optometrists-secretaries\/#primaryimage"},"thumbnailUrl":"https:\/\/ophtanews.com\/wp-content\/uploads\/2024\/12\/orthoptists.jpg","datePublished":"2024-12-09T14:18:34+00:00","dateModified":"2026-02-10T10:33:29+00:00","breadcrumb":{"@id":"https:\/\/ophtanews.com\/en\/produit\/registration-for-orthoptists-opticians-optometrists-secretaries\/#breadcrumb"},"inLanguage":"en-US","potentialAction":[{"@type":"ReadAction","target":["https:\/\/ophtanews.com\/en\/produit\/registration-for-orthoptists-opticians-optometrists-secretaries\/"]}]},{"@type":"ImageObject","inLanguage":"en-US","@id":"https:\/\/ophtanews.com\/en\/produit\/registration-for-orthoptists-opticians-optometrists-secretaries\/#primaryimage","url":"https:\/\/ophtanews.com\/wp-content\/uploads\/2024\/12\/orthoptists.jpg","contentUrl":"https:\/\/ophtanews.com\/wp-content\/uploads\/2024\/12\/orthoptists.jpg","width":2048,"height":2048},{"@type":"BreadcrumbList","@id":"https:\/\/ophtanews.com\/en\/produit\/registration-for-orthoptists-opticians-optometrists-secretaries\/#breadcrumb","itemListElement":[{"@type":"ListItem","position":1,"name":"Accueil","item":"https:\/\/ophtanews.com\/en\/"},{"@type":"ListItem","position":2,"name":"Products","item":"https:\/\/ophtanews.com\/en\/shop\/"},{"@type":"ListItem","position":3,"name":"Registration for Orthoptists, Opticians \/ Optometrists, Secretaries"}]},{"@type":"WebSite","@id":"https:\/\/ophtanews.com\/en\/#website","url":"https:\/\/ophtanews.com\/en\/","name":"Ophta\u2019News 2026 \u2013 30\u00e8me \u00e9dition du Congr\u00e8s d\u2019Ophtalmologie | Nice 26-27 juin 2026","description":"Ophta&#039;News - Refractiv&#039;News - Retina&#039;News - Esthetic&#039;News - Palpebral&#039;News - Presbymania","potentialAction":[{"@type":"SearchAction","target":{"@type":"EntryPoint","urlTemplate":"https:\/\/ophtanews.com\/en\/?s={search_term_string}"},"query-input":{"@type":"PropertyValueSpecification","valueRequired":true,"valueName":"search_term_string"}}],"inLanguage":"en-US"}]}},"_links":{"self":[{"href":"https:\/\/ophtanews.com\/en\/wp-json\/wp\/v2\/product\/18032","targetHints":{"allow":["GET"]}}],"collection":[{"href":"https:\/\/ophtanews.com\/en\/wp-json\/wp\/v2\/product"}],"about":[{"href":"https:\/\/ophtanews.com\/en\/wp-json\/wp\/v2\/types\/product"}],"replies":[{"embeddable":true,"href":"https:\/\/ophtanews.com\/en\/wp-json\/wp\/v2\/comments?post=18032"}],"wp:featuredmedia":[{"embeddable":true,"href":"https:\/\/ophtanews.com\/en\/wp-json\/wp\/v2\/media\/18975"}],"wp:attachment":[{"href":"https:\/\/ophtanews.com\/en\/wp-json\/wp\/v2\/media?parent=18032"}],"wp:term":[{"taxonomy":"product_brand","embeddable":true,"href":"https:\/\/ophtanews.com\/en\/wp-json\/wp\/v2\/product_brand?post=18032"},{"taxonomy":"product_cat","embeddable":true,"href":"https:\/\/ophtanews.com\/en\/wp-json\/wp\/v2\/product_cat?post=18032"},{"taxonomy":"product_tag","embeddable":true,"href":"https:\/\/ophtanews.com\/en\/wp-json\/wp\/v2\/product_tag?post=18032"}],"curies":[{"name":"wp","href":"https:\/\/api.w.org\/{rel}","templated":true}]}}