{"id":18989,"date":"2025-03-20T12:05:43","date_gmt":"2025-03-20T12:05:43","guid":{"rendered":"https:\/\/ophtanews.com\/produit\/congress-evening-dinner\/"},"modified":"2026-02-10T10:51:02","modified_gmt":"2026-02-10T10:51:02","slug":"congress-evening-dinner","status":"publish","type":"product","link":"https:\/\/ophtanews.com\/en\/produit\/congress-evening-dinner\/","title":{"rendered":"Congress evening dinner"},"content":{"rendered":"","protected":false},"excerpt":{"rendered":"<div><b>Congress evening dinner<\/b><\/div>\n<div><\/div>\n","protected":false},"featured_media":18984,"comment_status":"open","ping_status":"closed","template":"","meta":[],"product_brand":[],"product_cat":[38],"product_tag":[],"class_list":{"0":"post-18989","1":"product","2":"type-product","3":"status-publish","4":"has-post-thumbnail","6":"product_cat-ophtanews-congress","8":"first","9":"instock","10":"shipping-taxable","11":"purchasable","12":"product-type-simple"},"exclude_global_add_ons":[],"addons":[],"yoast_head":"<!-- This site is optimized with the Yoast SEO plugin v27.4 - https:\/\/yoast.com\/product\/yoast-seo-wordpress\/ -->\n<title>Congress evening dinner - Ophta\u2019News 2026 \u2013 30\u00e8me \u00e9dition du Congr\u00e8s d\u2019Ophtalmologie | Nice 26-27 juin 2026<\/title>\n<meta name=\"robots\" content=\"index, follow, max-snippet:-1, max-image-preview:large, max-video-preview:-1\" \/>\n<link rel=\"canonical\" href=\"https:\/\/ophtanews.com\/en\/produit\/congress-evening-dinner\/\" \/>\n<meta property=\"og:locale\" content=\"en_US\" \/>\n<meta property=\"og:type\" content=\"article\" \/>\n<meta property=\"og:title\" content=\"Congress evening dinner - Ophta\u2019News 2026 \u2013 30\u00e8me \u00e9dition du Congr\u00e8s d\u2019Ophtalmologie | Nice 26-27 juin 2026\" \/>\n<meta property=\"og:description\" content=\"Congress evening dinner\" \/>\n<meta property=\"og:url\" content=\"https:\/\/ophtanews.com\/en\/produit\/congress-evening-dinner\/\" \/>\n<meta property=\"og:site_name\" content=\"Ophta\u2019News 2026 \u2013 30\u00e8me \u00e9dition du Congr\u00e8s d\u2019Ophtalmologie | Nice 26-27 juin 2026\" \/>\n<meta property=\"article:modified_time\" content=\"2026-02-10T10:51:02+00:00\" \/>\n<meta property=\"og:image\" content=\"https:\/\/ophtanews.com\/wp-content\/uploads\/2026\/02\/dinner.jpg\" \/>\n\t<meta property=\"og:image:width\" content=\"2048\" \/>\n\t<meta property=\"og:image:height\" content=\"2048\" \/>\n\t<meta property=\"og:image:type\" content=\"image\/jpeg\" \/>\n<meta name=\"twitter:card\" content=\"summary_large_image\" \/>\n<script type=\"application\/ld+json\" class=\"yoast-schema-graph\">{\"@context\":\"https:\\\/\\\/schema.org\",\"@graph\":[{\"@type\":\"WebPage\",\"@id\":\"https:\\\/\\\/ophtanews.com\\\/en\\\/produit\\\/congress-evening-dinner\\\/\",\"url\":\"https:\\\/\\\/ophtanews.com\\\/en\\\/produit\\\/congress-evening-dinner\\\/\",\"name\":\"Congress evening dinner - Ophta\u2019News 2026 \u2013 30\u00e8me \u00e9dition du Congr\u00e8s d\u2019Ophtalmologie | Nice 26-27 juin 2026\",\"isPartOf\":{\"@id\":\"https:\\\/\\\/ophtanews.com\\\/en\\\/#website\"},\"primaryImageOfPage\":{\"@id\":\"https:\\\/\\\/ophtanews.com\\\/en\\\/produit\\\/congress-evening-dinner\\\/#primaryimage\"},\"image\":{\"@id\":\"https:\\\/\\\/ophtanews.com\\\/en\\\/produit\\\/congress-evening-dinner\\\/#primaryimage\"},\"thumbnailUrl\":\"https:\\\/\\\/ophtanews.com\\\/wp-content\\\/uploads\\\/2026\\\/02\\\/dinner.jpg\",\"datePublished\":\"2025-03-20T12:05:43+00:00\",\"dateModified\":\"2026-02-10T10:51:02+00:00\",\"breadcrumb\":{\"@id\":\"https:\\\/\\\/ophtanews.com\\\/en\\\/produit\\\/congress-evening-dinner\\\/#breadcrumb\"},\"inLanguage\":\"en-US\",\"potentialAction\":[{\"@type\":\"ReadAction\",\"target\":[\"https:\\\/\\\/ophtanews.com\\\/en\\\/produit\\\/congress-evening-dinner\\\/\"]}]},{\"@type\":\"ImageObject\",\"inLanguage\":\"en-US\",\"@id\":\"https:\\\/\\\/ophtanews.com\\\/en\\\/produit\\\/congress-evening-dinner\\\/#primaryimage\",\"url\":\"https:\\\/\\\/ophtanews.com\\\/wp-content\\\/uploads\\\/2026\\\/02\\\/dinner.jpg\",\"contentUrl\":\"https:\\\/\\\/ophtanews.com\\\/wp-content\\\/uploads\\\/2026\\\/02\\\/dinner.jpg\",\"width\":2048,\"height\":2048},{\"@type\":\"BreadcrumbList\",\"@id\":\"https:\\\/\\\/ophtanews.com\\\/en\\\/produit\\\/congress-evening-dinner\\\/#breadcrumb\",\"itemListElement\":[{\"@type\":\"ListItem\",\"position\":1,\"name\":\"Accueil\",\"item\":\"https:\\\/\\\/ophtanews.com\\\/en\\\/\"},{\"@type\":\"ListItem\",\"position\":2,\"name\":\"Products\",\"item\":\"https:\\\/\\\/ophtanews.com\\\/en\\\/shop\\\/\"},{\"@type\":\"ListItem\",\"position\":3,\"name\":\"Congress evening dinner\"}]},{\"@type\":\"WebSite\",\"@id\":\"https:\\\/\\\/ophtanews.com\\\/en\\\/#website\",\"url\":\"https:\\\/\\\/ophtanews.com\\\/en\\\/\",\"name\":\"Ophta\u2019News 2026 \u2013 30\u00e8me \u00e9dition du Congr\u00e8s d\u2019Ophtalmologie | Nice 26-27 juin 2026\",\"description\":\"Ophta&#039;News - Refractiv&#039;News - Retina&#039;News - Esthetic&#039;News - Palpebral&#039;News - Presbymania\",\"potentialAction\":[{\"@type\":\"SearchAction\",\"target\":{\"@type\":\"EntryPoint\",\"urlTemplate\":\"https:\\\/\\\/ophtanews.com\\\/en\\\/?s={search_term_string}\"},\"query-input\":{\"@type\":\"PropertyValueSpecification\",\"valueRequired\":true,\"valueName\":\"search_term_string\"}}],\"inLanguage\":\"en-US\"}]}<\/script>\n<!-- \/ Yoast SEO plugin. -->","yoast_head_json":{"title":"Congress evening dinner - Ophta\u2019News 2026 \u2013 30\u00e8me \u00e9dition du Congr\u00e8s d\u2019Ophtalmologie | Nice 26-27 juin 2026","robots":{"index":"index","follow":"follow","max-snippet":"max-snippet:-1","max-image-preview":"max-image-preview:large","max-video-preview":"max-video-preview:-1"},"canonical":"https:\/\/ophtanews.com\/en\/produit\/congress-evening-dinner\/","og_locale":"en_US","og_type":"article","og_title":"Congress evening dinner - Ophta\u2019News 2026 \u2013 30\u00e8me \u00e9dition du Congr\u00e8s d\u2019Ophtalmologie | Nice 26-27 juin 2026","og_description":"Congress evening dinner","og_url":"https:\/\/ophtanews.com\/en\/produit\/congress-evening-dinner\/","og_site_name":"Ophta\u2019News 2026 \u2013 30\u00e8me \u00e9dition du Congr\u00e8s d\u2019Ophtalmologie | Nice 26-27 juin 2026","article_modified_time":"2026-02-10T10:51:02+00:00","og_image":[{"width":2048,"height":2048,"url":"https:\/\/ophtanews.com\/wp-content\/uploads\/2026\/02\/dinner.jpg","type":"image\/jpeg"}],"twitter_card":"summary_large_image","schema":{"@context":"https:\/\/schema.org","@graph":[{"@type":"WebPage","@id":"https:\/\/ophtanews.com\/en\/produit\/congress-evening-dinner\/","url":"https:\/\/ophtanews.com\/en\/produit\/congress-evening-dinner\/","name":"Congress evening dinner - Ophta\u2019News 2026 \u2013 30\u00e8me \u00e9dition du Congr\u00e8s d\u2019Ophtalmologie | Nice 26-27 juin 2026","isPartOf":{"@id":"https:\/\/ophtanews.com\/en\/#website"},"primaryImageOfPage":{"@id":"https:\/\/ophtanews.com\/en\/produit\/congress-evening-dinner\/#primaryimage"},"image":{"@id":"https:\/\/ophtanews.com\/en\/produit\/congress-evening-dinner\/#primaryimage"},"thumbnailUrl":"https:\/\/ophtanews.com\/wp-content\/uploads\/2026\/02\/dinner.jpg","datePublished":"2025-03-20T12:05:43+00:00","dateModified":"2026-02-10T10:51:02+00:00","breadcrumb":{"@id":"https:\/\/ophtanews.com\/en\/produit\/congress-evening-dinner\/#breadcrumb"},"inLanguage":"en-US","potentialAction":[{"@type":"ReadAction","target":["https:\/\/ophtanews.com\/en\/produit\/congress-evening-dinner\/"]}]},{"@type":"ImageObject","inLanguage":"en-US","@id":"https:\/\/ophtanews.com\/en\/produit\/congress-evening-dinner\/#primaryimage","url":"https:\/\/ophtanews.com\/wp-content\/uploads\/2026\/02\/dinner.jpg","contentUrl":"https:\/\/ophtanews.com\/wp-content\/uploads\/2026\/02\/dinner.jpg","width":2048,"height":2048},{"@type":"BreadcrumbList","@id":"https:\/\/ophtanews.com\/en\/produit\/congress-evening-dinner\/#breadcrumb","itemListElement":[{"@type":"ListItem","position":1,"name":"Accueil","item":"https:\/\/ophtanews.com\/en\/"},{"@type":"ListItem","position":2,"name":"Products","item":"https:\/\/ophtanews.com\/en\/shop\/"},{"@type":"ListItem","position":3,"name":"Congress evening dinner"}]},{"@type":"WebSite","@id":"https:\/\/ophtanews.com\/en\/#website","url":"https:\/\/ophtanews.com\/en\/","name":"Ophta\u2019News 2026 \u2013 30\u00e8me \u00e9dition du Congr\u00e8s d\u2019Ophtalmologie | Nice 26-27 juin 2026","description":"Ophta&#039;News - Refractiv&#039;News - Retina&#039;News - Esthetic&#039;News - Palpebral&#039;News - Presbymania","potentialAction":[{"@type":"SearchAction","target":{"@type":"EntryPoint","urlTemplate":"https:\/\/ophtanews.com\/en\/?s={search_term_string}"},"query-input":{"@type":"PropertyValueSpecification","valueRequired":true,"valueName":"search_term_string"}}],"inLanguage":"en-US"}]}},"_links":{"self":[{"href":"https:\/\/ophtanews.com\/en\/wp-json\/wp\/v2\/product\/18989","targetHints":{"allow":["GET"]}}],"collection":[{"href":"https:\/\/ophtanews.com\/en\/wp-json\/wp\/v2\/product"}],"about":[{"href":"https:\/\/ophtanews.com\/en\/wp-json\/wp\/v2\/types\/product"}],"replies":[{"embeddable":true,"href":"https:\/\/ophtanews.com\/en\/wp-json\/wp\/v2\/comments?post=18989"}],"wp:featuredmedia":[{"embeddable":true,"href":"https:\/\/ophtanews.com\/en\/wp-json\/wp\/v2\/media\/18984"}],"wp:attachment":[{"href":"https:\/\/ophtanews.com\/en\/wp-json\/wp\/v2\/media?parent=18989"}],"wp:term":[{"taxonomy":"product_brand","embeddable":true,"href":"https:\/\/ophtanews.com\/en\/wp-json\/wp\/v2\/product_brand?post=18989"},{"taxonomy":"product_cat","embeddable":true,"href":"https:\/\/ophtanews.com\/en\/wp-json\/wp\/v2\/product_cat?post=18989"},{"taxonomy":"product_tag","embeddable":true,"href":"https:\/\/ophtanews.com\/en\/wp-json\/wp\/v2\/product_tag?post=18989"}],"curies":[{"name":"wp","href":"https:\/\/api.w.org\/{rel}","templated":true}]}}